{"id":527,"date":"2021-11-12T05:13:31","date_gmt":"2021-11-12T05:13:31","guid":{"rendered":"https:\/\/demo.casethemes.net\/industo\/?page_id=527"},"modified":"2024-02-01T19:49:53","modified_gmt":"2024-02-01T19:49:53","slug":"contact-us","status":"publish","type":"page","link":"https:\/\/askgroupe.com\/index.php\/contact-us\/","title":{"rendered":"Contact Us"},"content":{"rendered":"\t\t<div data-elementor-type=\"wp-page\" data-elementor-id=\"527\" class=\"elementor elementor-527\">\n\t\t\t\t        <section class=\"elementor-section elementor-top-section elementor-element elementor-element-89c9812 elementor-section-stretched elementor-section-boxed elementor-section-height-default elementor-section-height-default ct-header-fixed-none ct-column-none ct-row-scroll-none ct-row-gradient--none ct-row-container--default\" data-id=\"89c9812\" data-element_type=\"section\" data-settings=\"{&quot;stretch_section&quot;:&quot;section-stretched&quot;}\">\n            \n                        <div class=\"elementor-container elementor-column-gap-extended \">\n                    <div class=\"elementor-column elementor-col-100 elementor-top-column elementor-element elementor-element-2ba1be0 ct-column-none col-offset-none\" data-id=\"2ba1be0\" data-element_type=\"column\">\n        <div class=\"elementor-widget-wrap elementor-element-populated\">\n                    \n        \t\t<div class=\"elementor-element elementor-element-6caf3df elementor-widget elementor-widget-ct_heading\" data-id=\"6caf3df\" data-element_type=\"widget\" data-widget_type=\"ct_heading.default\">\n\t\t\t\t<div class=\"elementor-widget-container\">\n\t\t\t<div id=\"ct_heading-6caf3df\" class=\"ct-heading h-align-center item-st-default\">\r\n    <div class=\"heading-wrapper\">\r\n        <div class=\"inner-heading\">\r\n                          \t                <h3 class=\"item--title case-animate-time st-default \" data-wow-delay=\"ms\">\r\n                    <span>Restons toujours en contact<\/span>                <\/h3>\r\n        <\/div>\r\n    <\/div>\r\n<\/div>\r\n\t\t<\/div>\n\t\t\t\t<\/div>\n\t\t        <section class=\"elementor-section elementor-inner-section elementor-element elementor-element-6aab44c elementor-section-boxed elementor-section-height-default elementor-section-height-default ct-header-fixed-none ct-column-none ct-row-scroll-none ct-row-gradient--none ct-row-container--default\" data-id=\"6aab44c\" data-element_type=\"section\">\n            \n                        <div class=\"elementor-container elementor-column-gap-extended \">\n                    <div class=\"elementor-column elementor-col-33 elementor-inner-column elementor-element elementor-element-942afde ct-column-none col-offset-none\" data-id=\"942afde\" data-element_type=\"column\">\n        <div class=\"elementor-widget-wrap elementor-element-populated\">\n                    \n        \t\t<div class=\"elementor-element elementor-element-7e1d60e elementor-widget elementor-widget-ct_info_box\" data-id=\"7e1d60e\" data-element_type=\"widget\" data-widget_type=\"ct_info_box.default\">\n\t\t\t\t<div class=\"elementor-widget-container\">\n\t\t\t\r\n<div id=\"ct_info_box-7e1d60e\" class=\"ct-info-box layout1 wow fadeInUp\" data-wow-delay=\"ms\">\r\n    <div class=\"inner-box\">\r\n        <div class=\"meta-box\">\r\n                            <div class=\"item--icon icon-right-from-Left\">\r\n                    <i aria-hidden=\"true\" class=\"flaticon flaticon-message\"><\/i>                <\/div>\r\n                                    <div class=\"item--meta\">\r\n                <h3 class=\"item--title\">\r\n                    Adresse email                <\/h3>\r\n                <div class=\"sub-title\">\r\n                    Ecrivez nous par mail                <\/div>\r\n            <\/div>\r\n        <\/div>\r\n                    <ul class=\"list-row\">\r\n                                        <li class=\"item--contact-info\">\r\n                            <a href=\"mailto:contact@askgroup.com\">                                <span class=\"ct-contact-content\">\r\n                                   contact@askgroup.com                                <\/span>\r\n                            <\/a>                       <\/li>\r\n                            <\/ul>\r\n            <\/div>\r\n<\/div>\t\t<\/div>\n\t\t\t\t<\/div>\n\t\t            <\/div>\n        <\/div>\n                <div class=\"elementor-column elementor-col-33 elementor-inner-column elementor-element elementor-element-091a81d ct-column-none col-offset-none\" data-id=\"091a81d\" data-element_type=\"column\">\n        <div class=\"elementor-widget-wrap elementor-element-populated\">\n                    \n        \t\t<div class=\"elementor-element elementor-element-601f57b elementor-widget elementor-widget-ct_info_box\" data-id=\"601f57b\" data-element_type=\"widget\" data-widget_type=\"ct_info_box.default\">\n\t\t\t\t<div class=\"elementor-widget-container\">\n\t\t\t\r\n<div id=\"ct_info_box-601f57b\" class=\"ct-info-box layout1 wow fadeInUp\" data-wow-delay=\"ms\">\r\n    <div class=\"inner-box\">\r\n        <div class=\"meta-box\">\r\n                            <div class=\"item--icon icon-shakeThatBooty\">\r\n                    <i aria-hidden=\"true\" class=\"flaticon flaticon-phone-call\"><\/i>                <\/div>\r\n                                    <div class=\"item--meta\">\r\n                <h3 class=\"item--title\">\r\n                    T\u00e9l\u00e9phone                <\/h3>\r\n                <div class=\"sub-title\">\r\n                    Appelez nous au besoin                <\/div>\r\n            <\/div>\r\n        <\/div>\r\n                    <ul class=\"list-row\">\r\n                                        <li class=\"item--contact-info\">\r\n                            <a href=\"tel:+224629600101\">                                <span class=\"ct-contact-content\">\r\n                                   Phone : +224 629 60 01 01                                <\/span>\r\n                            <\/a>                       <\/li>\r\n                                        <li class=\"item--contact-info\">\r\n                            <a href=\"tel:90456789153\">                                <span class=\"ct-contact-content\">\r\n                                   WhatsApp :+224 629 60 01 01                                <\/span>\r\n                            <\/a>                       <\/li>\r\n                            <\/ul>\r\n            <\/div>\r\n<\/div>\t\t<\/div>\n\t\t\t\t<\/div>\n\t\t            <\/div>\n        <\/div>\n                <div class=\"elementor-column elementor-col-33 elementor-inner-column elementor-element elementor-element-7064431 ct-column-none col-offset-none\" data-id=\"7064431\" data-element_type=\"column\">\n        <div class=\"elementor-widget-wrap elementor-element-populated\">\n                    \n        \t\t<div class=\"elementor-element elementor-element-20b6cfc elementor-widget elementor-widget-ct_info_box\" data-id=\"20b6cfc\" data-element_type=\"widget\" data-widget_type=\"ct_info_box.default\">\n\t\t\t\t<div class=\"elementor-widget-container\">\n\t\t\t\r\n<div id=\"ct_info_box-20b6cfc\" class=\"ct-info-box layout1 wow fadeInUp\" data-wow-delay=\"ms\">\r\n    <div class=\"inner-box\">\r\n        <div class=\"meta-box\">\r\n                            <div class=\"item--icon icon-Scale-Delay\">\r\n                    <i aria-hidden=\"true\" class=\"flaticon flaticon-dog-house\"><\/i>                <\/div>\r\n                                    <div class=\"item--meta\">\r\n                <h3 class=\"item--title\">\r\n                    Locaux                <\/h3>\r\n                <div class=\"sub-title\">\r\n                    Nous rencontrer                <\/div>\r\n            <\/div>\r\n        <\/div>\r\n                    <ul class=\"list-row\">\r\n                                        <li class=\"item--contact-info\">\r\n                            <a href=\"#map\">                                <span class=\"ct-contact-content\">\r\n                                   Guin\u00e9e, cit\u00e9 Chemin de fer de Kaloum \u00e0 Conakry                                <\/span>\r\n                            <\/a>                       <\/li>\r\n                                        <li class=\"item--contact-info\">\r\n                            <a href=\"#map\">                                <span class=\"ct-contact-content\">\r\n                                   Immeuble Lab\u00e9                                <\/span>\r\n                            <\/a>                       <\/li>\r\n                            <\/ul>\r\n            <\/div>\r\n<\/div>\t\t<\/div>\n\t\t\t\t<\/div>\n\t\t            <\/div>\n        <\/div>\n                    <\/div>\n        <\/section>\n                    <\/div>\n        <\/div>\n                    <\/div>\n        <\/section>\n                <section class=\"elementor-section elementor-top-section elementor-element elementor-element-63a6b79 elementor-section-stretched elementor-section-boxed elementor-section-height-default elementor-section-height-default ct-header-fixed-none ct-column-none ct-row-scroll-none ct-row-gradient--none ct-row-container--default\" data-id=\"63a6b79\" data-element_type=\"section\" id=\"map\" data-settings=\"{&quot;stretch_section&quot;:&quot;section-stretched&quot;,&quot;background_background&quot;:&quot;classic&quot;}\">\n            \n                        <div class=\"elementor-container elementor-column-gap-extended \">\n                    <div class=\"elementor-column elementor-col-100 elementor-top-column elementor-element elementor-element-9137595 ct-column-none col-offset-none\" data-id=\"9137595\" data-element_type=\"column\">\n        <div class=\"elementor-widget-wrap elementor-element-populated\">\n                    \n        \t\t<div class=\"elementor-element elementor-element-cf02c07 elementor-widget elementor-widget-google_maps\" data-id=\"cf02c07\" data-element_type=\"widget\" data-widget_type=\"google_maps.default\">\n\t\t\t\t<div class=\"elementor-widget-container\">\n\t\t\t<style>\/*! elementor - v3.19.0 - 29-01-2024 *\/\n.elementor-widget-google_maps .elementor-widget-container{overflow:hidden}.elementor-widget-google_maps .elementor-custom-embed{line-height:0}.elementor-widget-google_maps iframe{height:300px}<\/style>\t\t<div class=\"elementor-custom-embed\">\n\t\t\t<iframe loading=\"lazy\"\n\t\t\t\t\tsrc=\"https:\/\/maps.google.com\/maps?q=Conakry&#038;t=m&#038;z=12&#038;output=embed&#038;iwloc=near\"\n\t\t\t\t\ttitle=\"Conakry\"\n\t\t\t\t\taria-label=\"Conakry\"\n\t\t\t><\/iframe>\n\t\t<\/div>\n\t\t\t\t<\/div>\n\t\t\t\t<\/div>\n\t\t            <\/div>\n        <\/div>\n                    <\/div>\n        <\/section>\n                <section class=\"elementor-section elementor-top-section elementor-element elementor-element-ae56fd5 elementor-section-stretched elementor-section-boxed elementor-section-height-default elementor-section-height-default ct-header-fixed-none ct-column-none ct-row-scroll-none ct-row-gradient--none ct-row-container--default\" data-id=\"ae56fd5\" data-element_type=\"section\" data-settings=\"{&quot;stretch_section&quot;:&quot;section-stretched&quot;}\">\n            \n                        <div class=\"elementor-container elementor-column-gap-extended \">\n                    <div class=\"elementor-column elementor-col-100 elementor-top-column elementor-element elementor-element-5dc2490 ct-column-none col-offset-none\" data-id=\"5dc2490\" data-element_type=\"column\">\n        <div class=\"elementor-widget-wrap elementor-element-populated\">\n                    \n        \t\t<div class=\"elementor-element elementor-element-f86b8b3 elementor-widget elementor-widget-ct_heading\" data-id=\"f86b8b3\" data-element_type=\"widget\" data-widget_type=\"ct_heading.default\">\n\t\t\t\t<div class=\"elementor-widget-container\">\n\t\t\t<div id=\"ct_heading-f86b8b3\" class=\"ct-heading h-align-center item-st-default\">\r\n    <div class=\"heading-wrapper\">\r\n        <div class=\"inner-heading\">\r\n                          \t            \t\t<div class=\"item--sub-title no-image-bg\">\r\n                                                <span>\r\n                            Formulaire de contact                        <\/span>\r\n                    <\/div>\r\n            \t                <h3 class=\"item--title case-animate-time st-default \" data-wow-delay=\"ms\">\r\n                    <span>Soumettez votre demande.<\/span>                <\/h3>\r\n        <\/div>\r\n    <\/div>\r\n<\/div>\r\n\t\t<\/div>\n\t\t\t\t<\/div>\n\t\t\t\t<div class=\"elementor-element elementor-element-63a5d28 elementor-widget elementor-widget-ct_contact_form\" data-id=\"63a5d28\" data-element_type=\"widget\" data-widget_type=\"ct_contact_form.default\">\n\t\t\t\t<div class=\"elementor-widget-container\">\n\t\t\t    <div class=\"ct-contact-form ct-contact-form-layout1 style1 \">\r\n        <div class=\"inner-layout\" >\r\n                        <div class=\"ct-contact-form\">\r\n                \n<div class=\"wpcf7 no-js\" id=\"wpcf7-f713-o1\" lang=\"en-US\" dir=\"ltr\">\n<div class=\"screen-reader-response\"><p role=\"status\" aria-live=\"polite\" aria-atomic=\"true\"><\/p> <ul><\/ul><\/div>\n<form action=\"\/index.php\/wp-json\/wp\/v2\/pages\/527#wpcf7-f713-o1\" method=\"post\" class=\"wpcf7-form init\" aria-label=\"Contact form\" novalidate=\"novalidate\" data-status=\"init\">\n<div style=\"display: none;\">\n<input type=\"hidden\" name=\"_wpcf7\" value=\"713\" \/>\n<input type=\"hidden\" name=\"_wpcf7_version\" value=\"5.8.6\" \/>\n<input type=\"hidden\" name=\"_wpcf7_locale\" value=\"en_US\" \/>\n<input type=\"hidden\" name=\"_wpcf7_unit_tag\" value=\"wpcf7-f713-o1\" \/>\n<input type=\"hidden\" name=\"_wpcf7_container_post\" value=\"0\" \/>\n<input type=\"hidden\" name=\"_wpcf7_posted_data_hash\" value=\"\" \/>\n<\/div>\n<div class=\"wp-row-ctf7\">\n\t<div class=\"row\">\n\t\t<div class=\"col-lg-6 col-md-6\">\n\t\t\t<div class=\"input-filled\">\n\t\t\t\t<p><span class=\"wpcf7-form-control-wrap\" data-name=\"your-name\"><input size=\"40\" class=\"wpcf7-form-control wpcf7-text wpcf7-validates-as-required\" aria-required=\"true\" aria-invalid=\"false\" placeholder=\"Your Name\" value=\"\" type=\"text\" name=\"your-name\" \/><\/span>\n\t\t\t\t<\/p>\n\t\t\t<\/div>\n\t\t<\/div>\n\t\t<div class=\"col-lg-6 col-md-6\">\n\t\t\t<div class=\"input-filled\">\n\t\t\t\t<p><span class=\"wpcf7-form-control-wrap\" data-name=\"your-email\"><input size=\"40\" class=\"wpcf7-form-control wpcf7-email wpcf7-validates-as-required wpcf7-text wpcf7-validates-as-email\" aria-required=\"true\" aria-invalid=\"false\" placeholder=\"Your Email\" value=\"\" type=\"email\" name=\"your-email\" \/><\/span>\n\t\t\t\t<\/p>\n\t\t\t<\/div>\n\t\t<\/div>\n\t\t<div class=\"col-lg-6 col-md-6\">\n\t\t\t<div class=\"input-filled\">\n\t\t\t\t<p><span class=\"wpcf7-form-control-wrap\" data-name=\"your-phone\"><input size=\"40\" class=\"wpcf7-form-control wpcf7-text wpcf7-validates-as-required\" aria-required=\"true\" aria-invalid=\"false\" placeholder=\"Your Phone\" value=\"\" type=\"text\" name=\"your-phone\" \/><\/span>\n\t\t\t\t<\/p>\n\t\t\t<\/div>\n\t\t<\/div>\n\t\t<div class=\"col-lg-6 col-md-6\">\n\t\t\t<div class=\"input-filled\">\n\t\t\t\t<p><span class=\"wpcf7-form-control-wrap\" data-name=\"your-subject\"><input size=\"40\" class=\"wpcf7-form-control wpcf7-text wpcf7-validates-as-required\" aria-required=\"true\" aria-invalid=\"false\" placeholder=\"Your Subject\" value=\"\" type=\"text\" name=\"your-subject\" \/><\/span>\n\t\t\t\t<\/p>\n\t\t\t<\/div>\n\t\t<\/div>\n\t\t<div class=\"col-lg-12\">\n\t\t\t<div class=\"input-filled\">\n\t\t\t\t<p><span class=\"wpcf7-form-control-wrap\" data-name=\"your-message\"><textarea cols=\"40\" rows=\"10\" class=\"wpcf7-form-control wpcf7-textarea\" aria-invalid=\"false\" placeholder=\"Message\" name=\"your-message\"><\/textarea><\/span>\n\t\t\t\t<\/p>\n\t\t\t<\/div>\n\t\t<\/div>\n\t\t<div class=\"col-lg-12\">\n\t\t\t<div class=\"input-filled input-filled-btn\">\n\t\t\t\t<p><input class=\"wpcf7-form-control wpcf7-submit has-spinner\" type=\"submit\" value=\"Send Message +\" \/>\n\t\t\t\t<\/p>\n\t\t\t<\/div>\n\t\t<\/div>\n\t<\/div>\n<\/div><div class=\"wpcf7-response-output\" aria-hidden=\"true\"><\/div>\n<\/form>\n<\/div>\n            <\/div>\r\n        <\/div>\r\n    <\/div>\r\n\t\t<\/div>\n\t\t\t\t<\/div>\n\t\t            <\/div>\n        <\/div>\n                    <\/div>\n        <\/section>\n        \t\t<\/div>\n\t\t","protected":false},"excerpt":{"rendered":"<p>Restons toujours en contact Adresse email Ecrivez nous par mail contact@askgroup.com T\u00e9l\u00e9phone Appelez nous au besoin Phone : +224 629 60 01 01 WhatsApp :+224 629 60 01 01 Locaux Nous rencontrer Guin\u00e9e, cit\u00e9 Chemin de fer de Kaloum \u00e0 Conakry Immeuble Lab\u00e9 Formulaire de contact Soumettez votre demande.<\/p>\n","protected":false},"author":1,"featured_media":0,"parent":0,"menu_order":0,"comment_status":"closed","ping_status":"closed","template":"","meta":{"footnotes":""},"_links":{"self":[{"href":"https:\/\/askgroupe.com\/index.php\/wp-json\/wp\/v2\/pages\/527"}],"collection":[{"href":"https:\/\/askgroupe.com\/index.php\/wp-json\/wp\/v2\/pages"}],"about":[{"href":"https:\/\/askgroupe.com\/index.php\/wp-json\/wp\/v2\/types\/page"}],"author":[{"embeddable":true,"href":"https:\/\/askgroupe.com\/index.php\/wp-json\/wp\/v2\/users\/1"}],"replies":[{"embeddable":true,"href":"https:\/\/askgroupe.com\/index.php\/wp-json\/wp\/v2\/comments?post=527"}],"version-history":[{"count":11,"href":"https:\/\/askgroupe.com\/index.php\/wp-json\/wp\/v2\/pages\/527\/revisions"}],"predecessor-version":[{"id":14379,"href":"https:\/\/askgroupe.com\/index.php\/wp-json\/wp\/v2\/pages\/527\/revisions\/14379"}],"wp:attachment":[{"href":"https:\/\/askgroupe.com\/index.php\/wp-json\/wp\/v2\/media?parent=527"}],"curies":[{"name":"wp","href":"https:\/\/api.w.org\/{rel}","templated":true}]}}